{"id":314,"date":"2025-09-17T18:45:37","date_gmt":"2025-09-17T18:45:37","guid":{"rendered":"https:\/\/agt-europe.hr\/?page_id=314"},"modified":"2025-09-17T20:27:02","modified_gmt":"2025-09-17T20:27:02","slug":"naslovna_hrv","status":"publish","type":"page","link":"https:\/\/agt-europe.hr\/","title":{"rendered":"NASLOVNA_HRV"},"content":{"rendered":"\n<div class=\"wp-block-columns is-layout-flex wp-container-core-columns-is-layout-10bd2167 wp-block-columns-is-layout-flex\" style=\"padding-top:0px;padding-right:0px;padding-bottom:0px;padding-left:0px\">\n<div class=\"wp-block-column is-layout-flow wp-block-column-is-layout-flow\" style=\"flex-basis:10%\"><\/div>\n\n\n\n<div class=\"wp-block-column is-layout-flow wp-block-column-is-layout-flow\" style=\"flex-basis:80%\">\n<div class=\"wp-block-columns gap_nula is-layout-flex wp-container-core-columns-is-layout-13268b9e wp-block-columns-is-layout-flex\" style=\"margin-top:0px;margin-bottom:0px;padding-top:0px;padding-right:0px;padding-bottom:0px;padding-left:0px\">\n<div class=\"wp-block-column gap_nula is-layout-flow wp-block-column-is-layout-flow\" style=\"padding-top:0px;padding-right:0px;padding-bottom:0px;padding-left:0px\">\n<div class=\"wp-block-columns gap_nula is-layout-flex wp-container-core-columns-is-layout-adfb9f59 wp-block-columns-is-layout-flex\" style=\"margin-top:0px;margin-bottom:0px\">\n<div class=\"wp-block-column gap_nula is-layout-flow wp-block-column-is-layout-flow\"><div class=\"wp-block-image\">\n<figure class=\"aligncenter size-full\" style=\"margin-top:0px;margin-right:0px;margin-bottom:0px;margin-left:0px\"><img loading=\"lazy\" decoding=\"async\" width=\"500\" height=\"500\" src=\"https:\/\/agt-europe.hr\/wp-content\/uploads\/2025\/09\/naslovna3.jpg\" alt=\"\" class=\"wp-image-170\" srcset=\"https:\/\/agt-europe.hr\/wp-content\/uploads\/2025\/09\/naslovna3.jpg 500w, https:\/\/agt-europe.hr\/wp-content\/uploads\/2025\/09\/naslovna3-300x300.jpg 300w, https:\/\/agt-europe.hr\/wp-content\/uploads\/2025\/09\/naslovna3-150x150.jpg 150w\" sizes=\"auto, (max-width: 500px) 100vw, 500px\" \/><\/figure>\n<\/div><\/div>\n\n\n\n<div class=\"wp-block-column is-vertically-aligned-center gap_nula is-layout-flow wp-block-column-is-layout-flow\">\n<h4 class=\"wp-block-heading has-text-align-center\" style=\"margin-top:0%;margin-bottom:0%;padding-top:10px;padding-right:15px;padding-bottom:10px;padding-left:15px;font-size:20px;font-style:normal;font-weight:400\">Lider u tehnologiji za kori\u0161tenje prirodnog i ukapljenog naftnog plina u jugoisto\u010dnoj Europi<\/h4>\n<\/div>\n\n\n\n<div class=\"wp-block-column is-layout-flow wp-block-column-is-layout-flow\">\n<figure class=\"wp-block-image size-full\"><img loading=\"lazy\" decoding=\"async\" width=\"500\" height=\"500\" src=\"https:\/\/agt-europe.hr\/wp-content\/uploads\/2025\/09\/naslovna7.jpg\" alt=\"\" class=\"wp-image-304\" srcset=\"https:\/\/agt-europe.hr\/wp-content\/uploads\/2025\/09\/naslovna7.jpg 500w, https:\/\/agt-europe.hr\/wp-content\/uploads\/2025\/09\/naslovna7-300x300.jpg 300w, https:\/\/agt-europe.hr\/wp-content\/uploads\/2025\/09\/naslovna7-150x150.jpg 150w\" sizes=\"auto, (max-width: 500px) 100vw, 500px\" \/><\/figure>\n<\/div>\n\n\n\n<div class=\"wp-block-column gap_nula is-layout-flow wp-block-column-is-layout-flow\"><div class=\"wp-block-image\">\n<figure class=\"aligncenter size-full\" style=\"margin-top:0px;margin-right:0px;margin-bottom:0px;margin-left:0px\"><img loading=\"lazy\" decoding=\"async\" width=\"500\" height=\"500\" src=\"https:\/\/agt-europe.hr\/wp-content\/uploads\/2025\/09\/naslovna4-1.jpg\" alt=\"\" class=\"wp-image-312\" srcset=\"https:\/\/agt-europe.hr\/wp-content\/uploads\/2025\/09\/naslovna4-1.jpg 500w, https:\/\/agt-europe.hr\/wp-content\/uploads\/2025\/09\/naslovna4-1-300x300.jpg 300w, https:\/\/agt-europe.hr\/wp-content\/uploads\/2025\/09\/naslovna4-1-150x150.jpg 150w\" sizes=\"auto, (max-width: 500px) 100vw, 500px\" \/><\/figure>\n<\/div><\/div>\n<\/div>\n\n\n\n<div class=\"wp-block-columns gap_nula is-layout-flex wp-container-core-columns-is-layout-c80ba947 wp-block-columns-is-layout-flex\" style=\"margin-top:0px;margin-bottom:0px;padding-top:0px;padding-right:0px;padding-bottom:0px;padding-left:0px\">\n<div class=\"wp-block-column gap_nula is-layout-flow wp-block-column-is-layout-flow\" style=\"padding-top:0px;padding-right:0px;padding-bottom:0px;padding-left:0px\"><div class=\"wp-block-image\">\n<figure class=\"aligncenter size-full\" style=\"margin-top:0px;margin-right:0px;margin-bottom:0px;margin-left:0px\"><img loading=\"lazy\" decoding=\"async\" width=\"500\" height=\"500\" src=\"https:\/\/agt-europe.hr\/wp-content\/uploads\/2025\/09\/naslovna2.jpg\" alt=\"\" class=\"wp-image-174\" srcset=\"https:\/\/agt-europe.hr\/wp-content\/uploads\/2025\/09\/naslovna2.jpg 500w, https:\/\/agt-europe.hr\/wp-content\/uploads\/2025\/09\/naslovna2-300x300.jpg 300w, https:\/\/agt-europe.hr\/wp-content\/uploads\/2025\/09\/naslovna2-150x150.jpg 150w\" sizes=\"auto, (max-width: 500px) 100vw, 500px\" \/><\/figure>\n<\/div><\/div>\n\n\n\n<div class=\"wp-block-column gap_nula is-layout-flow wp-block-column-is-layout-flow\">\n<figure class=\"wp-block-image size-full\" style=\"margin-top:0px;margin-bottom:0px\"><img loading=\"lazy\" decoding=\"async\" width=\"500\" height=\"500\" src=\"https:\/\/agt-europe.hr\/wp-content\/uploads\/2025\/09\/naslovna6.jpg\" alt=\"\" class=\"wp-image-173\" srcset=\"https:\/\/agt-europe.hr\/wp-content\/uploads\/2025\/09\/naslovna6.jpg 500w, https:\/\/agt-europe.hr\/wp-content\/uploads\/2025\/09\/naslovna6-300x300.jpg 300w, https:\/\/agt-europe.hr\/wp-content\/uploads\/2025\/09\/naslovna6-150x150.jpg 150w\" sizes=\"auto, (max-width: 500px) 100vw, 500px\" \/><\/figure>\n<\/div>\n\n\n\n<div class=\"wp-block-column is-vertically-aligned-center gap_nula is-layout-flow wp-block-column-is-layout-flow\">\n<h4 class=\"wp-block-heading has-text-align-center\" style=\"margin-top:0%;margin-bottom:0%;padding-top:10px;padding-right:10px;padding-bottom:10px;padding-left:10px;font-size:23px;font-style:normal;font-weight:400\">sigurnost<br>kvaliteta<br>stru\u010dnost<\/h4>\n<\/div>\n\n\n\n<div class=\"wp-block-column is-layout-flow wp-block-column-is-layout-flow\">\n<figure class=\"wp-block-image size-full\" style=\"margin-top:0px;margin-bottom:0px\"><img loading=\"lazy\" decoding=\"async\" width=\"500\" height=\"500\" src=\"https:\/\/agt-europe.hr\/wp-content\/uploads\/2025\/09\/naslovna5.jpg\" alt=\"\" class=\"wp-image-172\" srcset=\"https:\/\/agt-europe.hr\/wp-content\/uploads\/2025\/09\/naslovna5.jpg 500w, https:\/\/agt-europe.hr\/wp-content\/uploads\/2025\/09\/naslovna5-300x300.jpg 300w, https:\/\/agt-europe.hr\/wp-content\/uploads\/2025\/09\/naslovna5-150x150.jpg 150w\" sizes=\"auto, (max-width: 500px) 100vw, 500px\" \/><\/figure>\n<\/div>\n<\/div>\n<\/div>\n<\/div>\n<\/div>\n\n\n\n<div class=\"wp-block-column is-layout-flow wp-block-column-is-layout-flow\" style=\"flex-basis:10%\"><\/div>\n<\/div>\n\n\n\n<div class=\"wp-block-columns is-layout-flex wp-container-core-columns-is-layout-10bd2167 wp-block-columns-is-layout-flex\" style=\"padding-top:0px;padding-right:0px;padding-bottom:0px;padding-left:0px\">\n<div class=\"wp-block-column is-layout-flow wp-block-column-is-layout-flow\" style=\"flex-basis:10%\"><\/div>\n\n\n\n<div class=\"wp-block-column is-layout-flow wp-block-column-is-layout-flow\">\n<p>Prepoznaju\u0107i zahtjeve tr\u017ei\u0161ta i potrebu za pove\u0107anjem proizvodnih i servisnih kapaciteta, GASTEH d.o.o. i STS PLIN d.o.o. zajedni\u010dkim su ulaganjem osnovali AGT-Advance Gas Technologies. Tvrtka je osnovana s ciljem u\u010dinkovitijeg pru\u017eanja proizvoda i usluga za krajnje korisnike, te postizanje rasta poslovanja kroz inovativna i pouzdana rje\u0161enja.<\/p>\n\n\n\n<p>Oslanjaju\u0107i se na desetlje\u0107a zajedni\u010dkog iskustva u proizvodnji, projektiranju, izgradnji i odr\u017eavanju plinskih postrojenja, stvorili smo tvrtku s jasnom vizijom: postati vode\u0107i pru\u017eatelj naprednih plinskih tehnologija u regiji.<\/p>\n\n\n\n<p>Opse\u017ene referentne liste tvrtki GASTEH i STS PLIN dokaz su kompetentnosti i pouzdanosti. Pozivamo vas da nas kontaktirate i iz prve ruke saznate za\u0161to na\u0161 portfelj uklju\u010duje mnoga od najistaknutijih i najuspje\u0161nijih poduze\u0107a u regiji.<\/p>\n\n\n\n<p>Godinama se na\u0161e sudjelovanje smatra bitnim elementom u realizaciji velikih projekata.<\/p>\n<\/div>\n\n\n\n<div class=\"wp-block-column is-layout-flow wp-block-column-is-layout-flow\" style=\"flex-basis:10%\"><\/div>\n<\/div>\n\n\n\n<p><\/p>\n","protected":false},"excerpt":{"rendered":"<p>Lider u tehnologiji za kori\u0161tenje prirodnog i ukapljenog naftnog plina u jugoisto\u010dnoj Europi sigurnostkvalitetastru\u010dnost Prepoznaju\u0107i zahtjeve tr\u017ei\u0161ta i potrebu za pove\u0107anjem proizvodnih i servisnih kapaciteta, GASTEH d.o.o. i STS PLIN d.o.o. zajedni\u010dkim su ulaganjem osnovali AGT-Advance Gas Technologies. Tvrtka je osnovana s ciljem u\u010dinkovitijeg pru\u017eanja proizvoda i usluga za krajnje korisnike, te postizanje rasta poslovanja&#8230;<\/p>\n","protected":false},"author":1,"featured_media":0,"parent":0,"menu_order":0,"comment_status":"closed","ping_status":"closed","template":"","meta":{"pgc_meta":"","_kad_post_transparent":"","_kad_post_title":"","_kad_post_layout":"","_kad_post_sidebar_id":"","_kad_post_content_style":"","_kad_post_vertical_padding":"","_kad_post_feature":"","_kad_post_feature_position":"","_kad_post_header":false,"_kad_post_footer":false,"footnotes":""},"class_list":["post-314","page","type-page","status-publish","hentry"],"pgc_meta":"","_links":{"self":[{"href":"https:\/\/agt-europe.hr\/index.php?rest_route=\/wp\/v2\/pages\/314","targetHints":{"allow":["GET"]}}],"collection":[{"href":"https:\/\/agt-europe.hr\/index.php?rest_route=\/wp\/v2\/pages"}],"about":[{"href":"https:\/\/agt-europe.hr\/index.php?rest_route=\/wp\/v2\/types\/page"}],"author":[{"embeddable":true,"href":"https:\/\/agt-europe.hr\/index.php?rest_route=\/wp\/v2\/users\/1"}],"replies":[{"embeddable":true,"href":"https:\/\/agt-europe.hr\/index.php?rest_route=%2Fwp%2Fv2%2Fcomments&post=314"}],"version-history":[{"count":12,"href":"https:\/\/agt-europe.hr\/index.php?rest_route=\/wp\/v2\/pages\/314\/revisions"}],"predecessor-version":[{"id":345,"href":"https:\/\/agt-europe.hr\/index.php?rest_route=\/wp\/v2\/pages\/314\/revisions\/345"}],"wp:attachment":[{"href":"https:\/\/agt-europe.hr\/index.php?rest_route=%2Fwp%2Fv2%2Fmedia&parent=314"}],"curies":[{"name":"wp","href":"https:\/\/api.w.org\/{rel}","templated":true}]}}